{"id":51,"date":"2024-11-29T16:14:01","date_gmt":"2024-11-29T19:14:01","guid":{"rendered":"http:\/\/lealbsb.com.br\/?page_id=51"},"modified":"2024-12-06T08:29:02","modified_gmt":"2024-12-06T11:29:02","slug":"services","status":"publish","type":"page","link":"https:\/\/lealbsb.com.br\/?page_id=51","title":{"rendered":"Nossa Estrutura"},"content":{"rendered":"\t\t<div data-elementor-type=\"wp-page\" data-elementor-id=\"51\" class=\"elementor elementor-51\" data-elementor-post-type=\"page\">\n\t\t\t\t<div class=\"elementor-element elementor-element-28100308 e-con-full e-flex e-con e-parent\" data-id=\"28100308\" data-element_type=\"container\">\n\t\t<div class=\"elementor-element elementor-element-6f5b0233 e-con-full e-flex e-con e-child\" data-id=\"6f5b0233\" data-element_type=\"container\" data-settings=\"{&quot;background_background&quot;:&quot;classic&quot;}\">\n\t\t\t\t<\/div>\n\t\t<div class=\"elementor-element elementor-element-23e6ebe9 e-con-full e-flex e-con e-child\" data-id=\"23e6ebe9\" data-element_type=\"container\">\n\t\t\t\t<div class=\"elementor-element elementor-element-32c2c543 elementor-widget elementor-widget-heading\" data-id=\"32c2c543\" data-element_type=\"widget\" data-widget_type=\"heading.default\">\n\t\t\t\t<div class=\"elementor-widget-container\">\n\t\t\t\t\t<h1 class=\"elementor-heading-title elementor-size-default\">Nossa infraestrutura<\/h1>\t\t\t\t<\/div>\n\t\t\t\t<\/div>\n\t\t\t\t<div class=\"elementor-element elementor-element-39493499 elementor-widget elementor-widget-text-editor\" data-id=\"39493499\" data-element_type=\"widget\" data-widget_type=\"text-editor.default\">\n\t\t\t\t<div class=\"elementor-widget-container\">\n\t\t\t\t\t\t\t\t\t<p class=\"p1\">Solu\u00e7\u00f5es completas de infraestrutura de tecnologia e seguran\u00e7a da informa\u00e7\u00e3o.<\/p>\t\t\t\t\t\t\t\t<\/div>\n\t\t\t\t<\/div>\n\t\t\t\t<\/div>\n\t\t\t\t<\/div>\n\t\t<div class=\"elementor-element elementor-element-55c0db33 e-flex e-con-boxed e-con e-parent\" data-id=\"55c0db33\" data-element_type=\"container\">\n\t\t\t\t\t<div class=\"e-con-inner\">\n\t\t\t\t<div class=\"elementor-element elementor-element-7d2949ff elementor-cta--layout-image-right elementor-cta--valign-middle elementor-cta--mobile-layout-image-above elementor-cta--skin-classic elementor-animated-content elementor-bg-transform elementor-bg-transform-zoom-in elementor-widget elementor-widget-call-to-action\" data-id=\"7d2949ff\" data-element_type=\"widget\" id=\"service_1\" data-widget_type=\"call-to-action.default\">\n\t\t\t\t<div class=\"elementor-widget-container\">\n\t\t\t\t\t\t\t<div class=\"elementor-cta\">\n\t\t\t\t\t<div class=\"elementor-cta__bg-wrapper\">\n\t\t\t\t<div class=\"elementor-cta__bg elementor-bg\" style=\"background-image: url(https:\/\/lealbsb.com.br\/wp-content\/uploads\/2024\/12\/ISO-27001.png);\" role=\"img\" aria-label=\"ISO-27001\"><\/div>\n\t\t\t\t<div class=\"elementor-cta__bg-overlay\"><\/div>\n\t\t\t<\/div>\n\t\t\t\t\t\t\t<div class=\"elementor-cta__content\">\n\t\t\t\t\n\t\t\t\t\t\t\t\t\t<h4 class=\"elementor-cta__title elementor-cta__content-item elementor-content-item\">\n\t\t\t\t\t\tISO 27001\t\t\t\t\t<\/h4>\n\t\t\t\t\n\t\t\t\t\t\t\t\t\t<div class=\"elementor-cta__description elementor-cta__content-item elementor-content-item\">\n\t\t\t\t\t\t<p style=\"margin: 0px; font-variant-numeric: normal; font-variant-east-asian: normal; font-variant-alternates: normal; font-size-adjust: none; font-kerning: auto; font-optical-sizing: auto; font-feature-settings: normal; font-variation-settings: normal; font-variant-position: normal; font-variant-emoji: normal; font-stretch: normal; line-height: normal;\"><font color=\"#0e0e0e\" face=\".AppleSystemUIFont\"><span style=\"font-size: 14px; white-space-collapse: collapse;\">A ISO 27001 \u00e9 uma norma internacional que certifica as melhores pr\u00e1ticas para a gest\u00e3o da seguran\u00e7a da informa\u00e7\u00e3o, garantindo a prote\u00e7\u00e3o de dados e a confidencialidade, integridade e disponibilidade das informa\u00e7\u00f5es. Ao adotar essa certifica\u00e7\u00e3o, refor\u00e7amos nosso compromisso com a seguran\u00e7a, a conformidade com regulamenta\u00e7\u00f5es e a prote\u00e7\u00e3o de nossos clientes contra amea\u00e7as e riscos cibern\u00e9ticos. Essa garantia reflete nossa dedica\u00e7\u00e3o \u00e0 excel\u00eancia e \u00e0 confian\u00e7a em todos os nossos processos.<\/span><\/font><\/p>\t\t\t\t\t<\/div>\n\t\t\t\t\n\t\t\t\t\t\t\t<\/div>\n\t\t\t\t\t\t<\/div>\n\t\t\t\t\t\t<\/div>\n\t\t\t\t<\/div>\n\t\t\t\t<div class=\"elementor-element elementor-element-196b38cb elementor-cta--layout-image-left elementor-cta--valign-middle elementor-cta--mobile-layout-image-above elementor-cta--skin-classic elementor-animated-content elementor-bg-transform elementor-bg-transform-zoom-in elementor-widget elementor-widget-call-to-action\" data-id=\"196b38cb\" data-element_type=\"widget\" id=\"service_2\" data-widget_type=\"call-to-action.default\">\n\t\t\t\t<div class=\"elementor-widget-container\">\n\t\t\t\t\t\t\t<div class=\"elementor-cta\">\n\t\t\t\t\t<div class=\"elementor-cta__bg-wrapper\">\n\t\t\t\t<div class=\"elementor-cta__bg elementor-bg\" style=\"background-image: url(https:\/\/lealbsb.com.br\/wp-content\/uploads\/2024\/12\/standard-quality-control-concept-m.jpg);\" role=\"img\" aria-label=\"standard-quality-control-concept-m\"><\/div>\n\t\t\t\t<div class=\"elementor-cta__bg-overlay\"><\/div>\n\t\t\t<\/div>\n\t\t\t\t\t\t\t<div class=\"elementor-cta__content\">\n\t\t\t\t\n\t\t\t\t\t\t\t\t\t<h4 class=\"elementor-cta__title elementor-cta__content-item elementor-content-item\">\n\t\t\t\t\t\tSeguran\u00e7a\t\t\t\t\t<\/h4>\n\t\t\t\t\n\t\t\t\t\t\t\t\t\t<div class=\"elementor-cta__description elementor-cta__content-item elementor-content-item\">\n\t\t\t\t\t\tContamos com servi\u00e7os de prote\u00e7\u00e3o interna e externa que analisa automaticamente os dados sobre poss\u00edveis amea\u00e7as prezando pela integridade dos dados\t\t\t\t\t<\/div>\n\t\t\t\t\n\t\t\t\t\t\t\t<\/div>\n\t\t\t\t\t\t<\/div>\n\t\t\t\t\t\t<\/div>\n\t\t\t\t<\/div>\n\t\t\t\t<div class=\"elementor-element elementor-element-362a75ca elementor-cta--layout-image-right elementor-cta--valign-middle elementor-cta--mobile-layout-image-above elementor-cta--skin-classic elementor-animated-content elementor-bg-transform elementor-bg-transform-zoom-in elementor-widget elementor-widget-call-to-action\" data-id=\"362a75ca\" data-element_type=\"widget\" id=\"service_3\" data-widget_type=\"call-to-action.default\">\n\t\t\t\t<div class=\"elementor-widget-container\">\n\t\t\t\t\t\t\t<div class=\"elementor-cta\">\n\t\t\t\t\t<div class=\"elementor-cta__bg-wrapper\">\n\t\t\t\t<div class=\"elementor-cta__bg elementor-bg\" style=\"background-image: url(https:\/\/lealbsb.com.br\/wp-content\/uploads\/2024\/12\/hand-holding-cloud-system-with-data-protection-scaled.jpg);\" role=\"img\" aria-label=\"Hand holding cloud system with data protection\"><\/div>\n\t\t\t\t<div class=\"elementor-cta__bg-overlay\"><\/div>\n\t\t\t<\/div>\n\t\t\t\t\t\t\t<div class=\"elementor-cta__content\">\n\t\t\t\t\n\t\t\t\t\t\t\t\t\t<h4 class=\"elementor-cta__title elementor-cta__content-item elementor-content-item\">\n\t\t\t\t\t\tLGPD\t\t\t\t\t<\/h4>\n\t\t\t\t\n\t\t\t\t\t\t\t\t\t<div class=\"elementor-cta__description elementor-cta__content-item elementor-content-item\">\n\t\t\t\t\t\tEstamos plenamente alinhados com a <b>LGPD<\/b>, adotando pr\u00e1ticas que garantem a prote\u00e7\u00e3o dos dados de nossos clientes e parceiros. Nosso compromisso \u00e9 tratar as informa\u00e7\u00f5es com \u00e9tica e responsabilidade, implementando medidas de seguran\u00e7a que respeitam a privacidade e promovem a conformidade legal em todas as nossas opera\u00e7\u00f5es.\t\t\t\t\t<\/div>\n\t\t\t\t\n\t\t\t\t\t\t\t<\/div>\n\t\t\t\t\t\t<\/div>\n\t\t\t\t\t\t<\/div>\n\t\t\t\t<\/div>\n\t\t\t\t\t<\/div>\n\t\t\t\t<\/div>\n\t\t\t\t<\/div>\n\t\t","protected":false},"excerpt":{"rendered":"<p>Nossa infraestrutura Solu\u00e7\u00f5es completas de infraestrutura de tecnologia e seguran\u00e7a da informa\u00e7\u00e3o. ISO 27001 A ISO 27001 \u00e9 uma norma internacional que certifica as melhores pr\u00e1ticas para a gest\u00e3o da seguran\u00e7a da informa\u00e7\u00e3o, garantindo a prote\u00e7\u00e3o de dados e a confidencialidade, integridade e disponibilidade das informa\u00e7\u00f5es. Ao adotar essa certifica\u00e7\u00e3o, refor\u00e7amos nosso compromisso com a [&hellip;]<\/p>\n","protected":false},"author":1,"featured_media":62,"parent":0,"menu_order":0,"comment_status":"closed","ping_status":"closed","template":"elementor_header_footer","meta":{"footnotes":""},"class_list":["post-51","page","type-page","status-publish","has-post-thumbnail","hentry"],"_links":{"self":[{"href":"https:\/\/lealbsb.com.br\/index.php?rest_route=\/wp\/v2\/pages\/51","targetHints":{"allow":["GET"]}}],"collection":[{"href":"https:\/\/lealbsb.com.br\/index.php?rest_route=\/wp\/v2\/pages"}],"about":[{"href":"https:\/\/lealbsb.com.br\/index.php?rest_route=\/wp\/v2\/types\/page"}],"author":[{"embeddable":true,"href":"https:\/\/lealbsb.com.br\/index.php?rest_route=\/wp\/v2\/users\/1"}],"replies":[{"embeddable":true,"href":"https:\/\/lealbsb.com.br\/index.php?rest_route=%2Fwp%2Fv2%2Fcomments&post=51"}],"version-history":[{"count":19,"href":"https:\/\/lealbsb.com.br\/index.php?rest_route=\/wp\/v2\/pages\/51\/revisions"}],"predecessor-version":[{"id":238,"href":"https:\/\/lealbsb.com.br\/index.php?rest_route=\/wp\/v2\/pages\/51\/revisions\/238"}],"wp:featuredmedia":[{"embeddable":true,"href":"https:\/\/lealbsb.com.br\/index.php?rest_route=\/wp\/v2\/media\/62"}],"wp:attachment":[{"href":"https:\/\/lealbsb.com.br\/index.php?rest_route=%2Fwp%2Fv2%2Fmedia&parent=51"}],"curies":[{"name":"wp","href":"https:\/\/api.w.org\/{rel}","templated":true}]}}